{"id":8822,"date":"2022-11-05T20:52:01","date_gmt":"2022-11-05T19:52:01","guid":{"rendered":"http:\/\/hannarituals.com\/?post_type=product&#038;p=8822"},"modified":"2022-12-05T12:41:29","modified_gmt":"2022-12-05T11:41:29","slug":"daphne","status":"publish","type":"product","link":"https:\/\/hannarituals.com\/en\/product\/daphne\/","title":{"rendered":"Daphne"},"content":{"rendered":"<p style=\"text-align: center;\">Prva Kolekcija Lumi\u00e1 sve\u010d je nastala po navdihu <strong>Gr\u0161ke mitologije<\/strong>.<\/p>\n<p>&nbsp;<\/p>\n<p style=\"text-align: center;\"><b>Vodna nimfa<\/b><\/p>\n<p style=\"text-align: center;\">Za razliko od bogov, nimfe niso nesmrtna bitja, lahko pa \u017eivijo tiso\u010dletja in vedno ohranjajo mladosten videz. Daphne bi lahko razumeli kot podobo nedol\u017ene in brezmade\u017ene \u017eenske, saj se je spremenila v lovor ravno zato, da bi lahko ohranila svojo \u010distost in nedotaknjenost. V gr\u0161\u010dini Daphne pomeni &#8216;lovor&#8217;, ki je veljal za Apollonu posve\u010deno drevo.<\/p>\n<p>&nbsp;<\/p>\n<p style=\"text-align: center;\">Za izdelavo uporabljamo <strong>premium sojin vosek<\/strong> in <strong>bomba\u017eni stenj<\/strong>, kar pomeni da so sestavine naravne, vklju\u010dno z embala\u017eo, poslujemo brez plastike.<\/p>\n<p style=\"text-align: center;\">Sve\u010de so ro\u010dno vlite, pri \u010demer lahko pride do manj\u0161ih razlik, kar pa jih naredi \u0161e bolj unikatne.<\/p>\n<p style=\"text-align: center;\"><strong>Obvestilo:<\/strong> Narejene so po naro\u010dilu zato potrebujemo 3-5 dni \u010dasa za izdelavo.<\/p>\n<p>&nbsp;<\/p>\n<p style=\"text-align: center;\"><strong>Navodila pred pri\u017eiganjem:<\/strong><\/p>\n<p style=\"text-align: center;\">Pred vsakim pri\u017eiganjem, stenj odre\u017eemo na pribli\u017eno 1 cm.<\/p>\n<p style=\"text-align: center;\">\u2022<\/p>\n<p style=\"text-align: center;\">Gore\u010de sve\u010de ne premikamo in ne nosimo po prostoru.<\/p>\n<p style=\"text-align: center;\">\u2022<\/p>\n<p style=\"text-align: center;\">Namestimo jo na podstavek, sve\u010dnik ali primerno posodo, stoji naj ravno in stabilno.<\/p>\n<p style=\"text-align: center;\">\u2022<\/p>\n<p style=\"text-align: center;\">Sve\u010da naj nikoli ne gori brez nadzora, vedno naj bo izven dosega otrok ali doma\u010dih \u017eivali.<\/p>\n<p style=\"text-align: center;\">\u2022<\/p>\n<p style=\"text-align: center;\">Gore\u010de sve\u010de nikoli ne postavljamo na prepih.<\/p>\n<p style=\"text-align: center;\">\u2022<\/p>\n<p style=\"text-align: center;\">Sve\u010de nikoli ne uga\u0161amo s pihanjem v plamen ali s teko\u010dino.<\/p>","protected":false},"excerpt":{"rendered":"<p>Prva Kolekcija Lumi\u00e1 sve\u010d je nastala po navdihu Gr\u0161ke mitologije. &nbsp; Vodna nimfa Za razliko od bogov, nimfe niso nesmrtna bitja, lahko pa \u017eivijo tiso\u010dletja in vedno ohranjajo mladosten videz. Daphne bi lahko razumeli kot podobo nedol\u017ene in brezmade\u017ene \u017eenske, saj se je spremenila v lovor ravno zato, da bi lahko ohranila svojo \u010distost in [&hellip;]<\/p>","protected":false},"featured_media":8834,"template":"","meta":[],"product_cat":[15,74],"product_tag":[],"class_list":["post-8822","product","type-product","status-publish","has-post-thumbnail","hentry","product_cat-svece","product_cat-grska-mitologija"],"yoast_head":"<!-- This site is optimized with the Yoast SEO plugin v19.11 - https:\/\/yoast.com\/wordpress\/plugins\/seo\/ -->\n<title>Daphne - Hanna Rituals<\/title>\n<meta name=\"robots\" content=\"index, follow, max-snippet:-1, max-image-preview:large, max-video-preview:-1\" \/>\n<link rel=\"canonical\" href=\"https:\/\/hannarituals.com\/en\/product\/daphne\/\" \/>\n<meta property=\"og:locale\" content=\"en_US\" \/>\n<meta property=\"og:type\" content=\"article\" \/>\n<meta property=\"og:title\" content=\"Daphne - Hanna Rituals\" \/>\n<meta property=\"og:description\" content=\"Prva Kolekcija Lumi\u00e1 sve\u010d je nastala po navdihu Gr\u0161ke mitologije. &nbsp; Vodna nimfa Za razliko od bogov, nimfe niso nesmrtna bitja, lahko pa \u017eivijo tiso\u010dletja in vedno ohranjajo mladosten videz. Daphne bi lahko razumeli kot podobo nedol\u017ene in brezmade\u017ene \u017eenske, saj se je spremenila v lovor ravno zato, da bi lahko ohranila svojo \u010distost in [&hellip;]\" \/>\n<meta property=\"og:url\" content=\"https:\/\/hannarituals.com\/en\/product\/daphne\/\" \/>\n<meta property=\"og:site_name\" content=\"Hanna Rituals\" \/>\n<meta property=\"article:publisher\" content=\"https:\/\/www.facebook.com\/profile.php?id=100083284955388\" \/>\n<meta property=\"article:modified_time\" content=\"2022-12-05T11:41:29+00:00\" \/>\n<meta property=\"og:image\" content=\"https:\/\/hannarituals.com\/wp-content\/uploads\/2022\/11\/IMG_2363-scaled.jpeg\" \/>\n\t<meta property=\"og:image:width\" content=\"1920\" \/>\n\t<meta property=\"og:image:height\" content=\"2560\" \/>\n\t<meta property=\"og:image:type\" content=\"image\/jpeg\" \/>\n<meta name=\"twitter:card\" content=\"summary_large_image\" \/>\n<meta name=\"twitter:label1\" content=\"Est. reading time\" \/>\n\t<meta name=\"twitter:data1\" content=\"1 minute\" \/>\n<script type=\"application\/ld+json\" class=\"yoast-schema-graph\">{\"@context\":\"https:\/\/schema.org\",\"@graph\":[{\"@type\":\"WebPage\",\"@id\":\"https:\/\/hannarituals.com\/izdelek\/daphne\/\",\"url\":\"https:\/\/hannarituals.com\/izdelek\/daphne\/\",\"name\":\"Daphne - Hanna Rituals\",\"isPartOf\":{\"@id\":\"https:\/\/hannarituals.com\/#website\"},\"datePublished\":\"2022-11-05T19:52:01+00:00\",\"dateModified\":\"2022-12-05T11:41:29+00:00\",\"breadcrumb\":{\"@id\":\"https:\/\/hannarituals.com\/izdelek\/daphne\/#breadcrumb\"},\"inLanguage\":\"en-US\",\"potentialAction\":[{\"@type\":\"ReadAction\",\"target\":[\"https:\/\/hannarituals.com\/izdelek\/daphne\/\"]}]},{\"@type\":\"BreadcrumbList\",\"@id\":\"https:\/\/hannarituals.com\/izdelek\/daphne\/#breadcrumb\",\"itemListElement\":[{\"@type\":\"ListItem\",\"position\":1,\"name\":\"Home\",\"item\":\"https:\/\/hannarituals.com\/\"},{\"@type\":\"ListItem\",\"position\":2,\"name\":\"Trgovina\",\"item\":\"https:\/\/hannarituals.com\/trgovina\/\"},{\"@type\":\"ListItem\",\"position\":3,\"name\":\"Daphne\"}]},{\"@type\":\"WebSite\",\"@id\":\"https:\/\/hannarituals.com\/#website\",\"url\":\"https:\/\/hannarituals.com\/\",\"name\":\"Hanna Rituals\",\"description\":\"\",\"publisher\":{\"@id\":\"https:\/\/hannarituals.com\/#organization\"},\"potentialAction\":[{\"@type\":\"SearchAction\",\"target\":{\"@type\":\"EntryPoint\",\"urlTemplate\":\"https:\/\/hannarituals.com\/?s={search_term_string}\"},\"query-input\":\"required name=search_term_string\"}],\"inLanguage\":\"en-US\"},{\"@type\":\"Organization\",\"@id\":\"https:\/\/hannarituals.com\/#organization\",\"name\":\"Hanna Rituals\",\"url\":\"https:\/\/hannarituals.com\/\",\"logo\":{\"@type\":\"ImageObject\",\"inLanguage\":\"en-US\",\"@id\":\"https:\/\/hannarituals.com\/#\/schema\/logo\/image\/\",\"url\":\"https:\/\/hannarituals.com\/wp-content\/uploads\/2022\/11\/cropped-image01-1-scaled-1.jpeg\",\"contentUrl\":\"https:\/\/hannarituals.com\/wp-content\/uploads\/2022\/11\/cropped-image01-1-scaled-1.jpeg\",\"width\":1804,\"height\":1494,\"caption\":\"Hanna Rituals\"},\"image\":{\"@id\":\"https:\/\/hannarituals.com\/#\/schema\/logo\/image\/\"},\"sameAs\":[\"https:\/\/www.instagram.com\/hanna.rituals\/\",\"https:\/\/www.facebook.com\/profile.php?id=100083284955388\"]}]}<\/script>\n<!-- \/ Yoast SEO plugin. -->","yoast_head_json":{"title":"Daphne - Hanna Rituals","robots":{"index":"index","follow":"follow","max-snippet":"max-snippet:-1","max-image-preview":"max-image-preview:large","max-video-preview":"max-video-preview:-1"},"canonical":"https:\/\/hannarituals.com\/en\/product\/daphne\/","og_locale":"en_US","og_type":"article","og_title":"Daphne - Hanna Rituals","og_description":"Prva Kolekcija Lumi\u00e1 sve\u010d je nastala po navdihu Gr\u0161ke mitologije. &nbsp; Vodna nimfa Za razliko od bogov, nimfe niso nesmrtna bitja, lahko pa \u017eivijo tiso\u010dletja in vedno ohranjajo mladosten videz. Daphne bi lahko razumeli kot podobo nedol\u017ene in brezmade\u017ene \u017eenske, saj se je spremenila v lovor ravno zato, da bi lahko ohranila svojo \u010distost in [&hellip;]","og_url":"https:\/\/hannarituals.com\/en\/product\/daphne\/","og_site_name":"Hanna Rituals","article_publisher":"https:\/\/www.facebook.com\/profile.php?id=100083284955388","article_modified_time":"2022-12-05T11:41:29+00:00","og_image":[{"width":1920,"height":2560,"url":"https:\/\/hannarituals.com\/wp-content\/uploads\/2022\/11\/IMG_2363-scaled.jpeg","type":"image\/jpeg"}],"twitter_card":"summary_large_image","twitter_misc":{"Est. reading time":"1 minute"},"schema":{"@context":"https:\/\/schema.org","@graph":[{"@type":"WebPage","@id":"https:\/\/hannarituals.com\/izdelek\/daphne\/","url":"https:\/\/hannarituals.com\/izdelek\/daphne\/","name":"Daphne - Hanna Rituals","isPartOf":{"@id":"https:\/\/hannarituals.com\/#website"},"datePublished":"2022-11-05T19:52:01+00:00","dateModified":"2022-12-05T11:41:29+00:00","breadcrumb":{"@id":"https:\/\/hannarituals.com\/izdelek\/daphne\/#breadcrumb"},"inLanguage":"en-US","potentialAction":[{"@type":"ReadAction","target":["https:\/\/hannarituals.com\/izdelek\/daphne\/"]}]},{"@type":"BreadcrumbList","@id":"https:\/\/hannarituals.com\/izdelek\/daphne\/#breadcrumb","itemListElement":[{"@type":"ListItem","position":1,"name":"Home","item":"https:\/\/hannarituals.com\/"},{"@type":"ListItem","position":2,"name":"Trgovina","item":"https:\/\/hannarituals.com\/trgovina\/"},{"@type":"ListItem","position":3,"name":"Daphne"}]},{"@type":"WebSite","@id":"https:\/\/hannarituals.com\/#website","url":"https:\/\/hannarituals.com\/","name":"Hanna Rituals","description":"","publisher":{"@id":"https:\/\/hannarituals.com\/#organization"},"potentialAction":[{"@type":"SearchAction","target":{"@type":"EntryPoint","urlTemplate":"https:\/\/hannarituals.com\/?s={search_term_string}"},"query-input":"required name=search_term_string"}],"inLanguage":"en-US"},{"@type":"Organization","@id":"https:\/\/hannarituals.com\/#organization","name":"Hanna Rituals","url":"https:\/\/hannarituals.com\/","logo":{"@type":"ImageObject","inLanguage":"en-US","@id":"https:\/\/hannarituals.com\/#\/schema\/logo\/image\/","url":"https:\/\/hannarituals.com\/wp-content\/uploads\/2022\/11\/cropped-image01-1-scaled-1.jpeg","contentUrl":"https:\/\/hannarituals.com\/wp-content\/uploads\/2022\/11\/cropped-image01-1-scaled-1.jpeg","width":1804,"height":1494,"caption":"Hanna Rituals"},"image":{"@id":"https:\/\/hannarituals.com\/#\/schema\/logo\/image\/"},"sameAs":["https:\/\/www.instagram.com\/hanna.rituals\/","https:\/\/www.facebook.com\/profile.php?id=100083284955388"]}]}},"_links":{"self":[{"href":"https:\/\/hannarituals.com\/en\/wp-json\/wp\/v2\/product\/8822","targetHints":{"allow":["GET"]}}],"collection":[{"href":"https:\/\/hannarituals.com\/en\/wp-json\/wp\/v2\/product"}],"about":[{"href":"https:\/\/hannarituals.com\/en\/wp-json\/wp\/v2\/types\/product"}],"wp:featuredmedia":[{"embeddable":true,"href":"https:\/\/hannarituals.com\/en\/wp-json\/wp\/v2\/media\/8834"}],"wp:attachment":[{"href":"https:\/\/hannarituals.com\/en\/wp-json\/wp\/v2\/media?parent=8822"}],"wp:term":[{"taxonomy":"product_cat","embeddable":true,"href":"https:\/\/hannarituals.com\/en\/wp-json\/wp\/v2\/product_cat?post=8822"},{"taxonomy":"product_tag","embeddable":true,"href":"https:\/\/hannarituals.com\/en\/wp-json\/wp\/v2\/product_tag?post=8822"}],"curies":[{"name":"wp","href":"https:\/\/api.w.org\/{rel}","templated":true}]}}